{"id":3432,"date":"2026-01-11T09:28:06","date_gmt":"2026-01-11T08:28:06","guid":{"rendered":"https:\/\/sevillacapitaldelaprevencion.com\/sevilla\/?page_id=3432"},"modified":"2026-01-21T07:08:48","modified_gmt":"2026-01-21T06:08:48","slug":"mesa-cuatro","status":"publish","type":"page","link":"https:\/\/sevillacapitaldelaprevencion.com\/sevilla\/mesa-cuatro\/","title":{"rendered":"Mesa cuatro"},"content":{"rendered":"<div class=\"wpb-content-wrapper\"><p>[vc_row full_width=\u00bbstretch_row\u00bb parallax=\u00bbcontent-moving\u00bb parallax_image=\u00bb109&#8243; css=\u00bb.vc_custom_1526274065361{margin-top: -200px !important;}\u00bb][vc_column][\/vc_column][\/vc_row][vc_row el_class=\u00bbwide-80 pricing-section division\u00bb][vc_column width=\u00bb1\/2&#8243; offset=\u00bbvc_col-lg-8 vc_col-md-8&#8243; css=\u00bb.vc_custom_1526379862861{margin-top: 0px !important;padding-top: 0px !important;}\u00bb]<div class=\" section-title\"><h2 class=\"banner-regular \">MESA 4<\/h2><\/div>[\/vc_column][\/vc_row][vc_row][vc_column width=\u00bb1\/2&#8243;][vc_single_image image=\u00bb3416&#8243; img_size=\u00bbfull\u00bb css=\u00bb\u00bb][\/vc_column][vc_column width=\u00bb1\/2&#8243;][vc_column_text css=\u00bb\u00bb]<strong>\u201cColaboraci\u00f3n P\u00fablico-Privada en Proyectos de Innovaci\u00f3n en PRL\u201d<\/strong><\/p>\n<p style=\"text-align: justify;\">La colaboraci\u00f3n p\u00fablico-privada es un elemento clave para impulsar proyectos de investigaci\u00f3n e innovaci\u00f3n en prevenci\u00f3n de riesgos laborales. A trav\u00e9s de distintas l\u00edneas de subvenci\u00f3n, la Junta de Andaluc\u00eda apoya iniciativas que abordan riesgos emergentes, salud laboral, factores psicosociales y nuevas tecnolog\u00edas aplicadas a la PRL.<\/p>\n<p style=\"text-align: justify;\">En esta mesa se presentar\u00e1n algunos de los proyectos subvencionados, analizando su enfoque, desarrollo y aportaci\u00f3n a la mejora de la seguridad y salud en los entornos de trabajo, as\u00ed como el valor de la cooperaci\u00f3n entre administraciones p\u00fablicas, universidades y entidades privadas.<\/p>\n<p>[\/vc_column_text][\/vc_column][\/vc_row][vc_row][vc_column][vc_single_image image=\u00bb2834&#8243; img_size=\u00bbfull\u00bb css=\u00bb\u00bb][\/vc_column][\/vc_row]<\/p>\n<\/div>","protected":false},"excerpt":{"rendered":"<p>[vc_row full_width=\u00bbstretch_row\u00bb parallax=\u00bbcontent-moving\u00bb parallax_image=\u00bb109&#8243; css=\u00bb.vc_custom_1526274065361{margin-top: -200px !important;}\u00bb][vc_column][\/vc_column][\/vc_row][vc_row el_class=\u00bbwide-80 pricing-section division\u00bb][vc_column width=\u00bb1\/2&#8243; offset=\u00bbvc_col-lg-8 vc_col-md-8&#8243; css=\u00bb.vc_custom_1526379862861{margin-top: 0px !important;padding-top: 0px !important;}\u00bb][\/vc_column][\/vc_row][vc_row][vc_column width=\u00bb1\/2&#8243;][vc_single_image image=\u00bb3416&#8243; img_size=\u00bbfull\u00bb css=\u00bb\u00bb][\/vc_column][vc_column width=\u00bb1\/2&#8243;][vc_column_text css=\u00bb\u00bb]\u201cColaboraci\u00f3n P\u00fablico-Privada en Proyectos de Innovaci\u00f3n en [&hellip;]<\/p>\n","protected":false},"author":1,"featured_media":0,"parent":0,"menu_order":0,"comment_status":"closed","ping_status":"closed","template":"templates\/home_template.php","meta":{"_monsterinsights_skip_tracking":false,"_monsterinsights_sitenote_active":false,"_monsterinsights_sitenote_note":"","_monsterinsights_sitenote_category":0,"footnotes":""},"class_list":["post-3432","page","type-page","status-publish","hentry"],"aioseo_notices":[],"_links":{"self":[{"href":"https:\/\/sevillacapitaldelaprevencion.com\/sevilla\/wp-json\/wp\/v2\/pages\/3432","targetHints":{"allow":["GET"]}}],"collection":[{"href":"https:\/\/sevillacapitaldelaprevencion.com\/sevilla\/wp-json\/wp\/v2\/pages"}],"about":[{"href":"https:\/\/sevillacapitaldelaprevencion.com\/sevilla\/wp-json\/wp\/v2\/types\/page"}],"author":[{"embeddable":true,"href":"https:\/\/sevillacapitaldelaprevencion.com\/sevilla\/wp-json\/wp\/v2\/users\/1"}],"replies":[{"embeddable":true,"href":"https:\/\/sevillacapitaldelaprevencion.com\/sevilla\/wp-json\/wp\/v2\/comments?post=3432"}],"version-history":[{"count":4,"href":"https:\/\/sevillacapitaldelaprevencion.com\/sevilla\/wp-json\/wp\/v2\/pages\/3432\/revisions"}],"predecessor-version":[{"id":3550,"href":"https:\/\/sevillacapitaldelaprevencion.com\/sevilla\/wp-json\/wp\/v2\/pages\/3432\/revisions\/3550"}],"wp:attachment":[{"href":"https:\/\/sevillacapitaldelaprevencion.com\/sevilla\/wp-json\/wp\/v2\/media?parent=3432"}],"curies":[{"name":"wp","href":"https:\/\/api.w.org\/{rel}","templated":true}]}}