{"id":3423,"date":"2026-01-11T09:18:46","date_gmt":"2026-01-11T08:18:46","guid":{"rendered":"https:\/\/sevillacapitaldelaprevencion.com\/sevilla\/?page_id=3423"},"modified":"2026-01-21T07:11:38","modified_gmt":"2026-01-21T06:11:38","slug":"mesa-dos","status":"publish","type":"page","link":"https:\/\/sevillacapitaldelaprevencion.com\/sevilla\/mesa-dos\/","title":{"rendered":"Mesa dos"},"content":{"rendered":"<div class=\"wpb-content-wrapper\"><p>[vc_row full_width=\u00bbstretch_row\u00bb parallax=\u00bbcontent-moving\u00bb parallax_image=\u00bb109&#8243; css=\u00bb.vc_custom_1526274065361{margin-top: -200px !important;}\u00bb][vc_column][\/vc_column][\/vc_row][vc_row el_class=\u00bbwide-80 pricing-section division\u00bb][vc_column width=\u00bb1\/2&#8243; offset=\u00bbvc_col-lg-8 vc_col-md-8&#8243; css=\u00bb.vc_custom_1526379862861{margin-top: 0px !important;padding-top: 0px !important;}\u00bb]<div class=\" section-title\"><h2 class=\"banner-regular \">MESA 2<\/h2><\/div>[\/vc_column][\/vc_row][vc_row][vc_column width=\u00bb1\/2&#8243;][vc_single_image image=\u00bb3419&#8243; img_size=\u00bbfull\u00bb css=\u00bb\u00bb][\/vc_column][vc_column width=\u00bb1\/2&#8243;][vc_column_text css=\u00bb\u00bb]<\/p>\n<p style=\"text-align: justify;\"><strong>\u201cInteligencia Artificial y Prevenci\u00f3n de Riesgos Laborales: Retos, Usos y Perspectivas\u201d<\/strong><\/p>\n<p style=\"text-align: justify;\">La incorporaci\u00f3n de la Inteligencia Artificial (IA) en la prevenci\u00f3n de riesgos laborales plantea oportunidades significativas, pero tambi\u00e9n desaf\u00edos \u00e9ticos, legales y operativos. Su aplicaci\u00f3n en la generaci\u00f3n de contenidos t\u00e9cnicos, el an\u00e1lisis predictivo y la gesti\u00f3n preventiva est\u00e1 transformando los modelos tradicionales de trabajo. Sin embargo, esta evoluci\u00f3n exige una reflexi\u00f3n rigurosa sobre la responsabilidad en el uso de herramientas automatizadas y sobre los criterios que deben guiar su implementaci\u00f3n en las organizaciones. Esta mesa abordar\u00e1 la IA desde una perspectiva integral \u2014acad\u00e9mica, t\u00e9cnica y aplicada\u2014 con el fin de analizar su potencial real en la PRL, revisar casos pr\u00e1cticos en empresas y promover un debate informado sobre su uso responsable y seguro.<\/p>\n<p>[\/vc_column_text][\/vc_column][\/vc_row][vc_row][vc_column][vc_single_image image=\u00bb2834&#8243; img_size=\u00bbfull\u00bb css=\u00bb\u00bb][\/vc_column][\/vc_row]<\/p>\n<\/div>","protected":false},"excerpt":{"rendered":"<p>[vc_row full_width=\u00bbstretch_row\u00bb parallax=\u00bbcontent-moving\u00bb parallax_image=\u00bb109&#8243; css=\u00bb.vc_custom_1526274065361{margin-top: -200px !important;}\u00bb][vc_column][\/vc_column][\/vc_row][vc_row el_class=\u00bbwide-80 pricing-section division\u00bb][vc_column width=\u00bb1\/2&#8243; offset=\u00bbvc_col-lg-8 vc_col-md-8&#8243; css=\u00bb.vc_custom_1526379862861{margin-top: 0px !important;padding-top: 0px !important;}\u00bb][\/vc_column][\/vc_row][vc_row][vc_column width=\u00bb1\/2&#8243;][vc_single_image image=\u00bb3419&#8243; img_size=\u00bbfull\u00bb css=\u00bb\u00bb][\/vc_column][vc_column width=\u00bb1\/2&#8243;][vc_column_text css=\u00bb\u00bb] \u201cInteligencia Artificial y Prevenci\u00f3n de Riesgos [&hellip;]<\/p>\n","protected":false},"author":1,"featured_media":0,"parent":0,"menu_order":0,"comment_status":"closed","ping_status":"closed","template":"templates\/home_template.php","meta":{"_monsterinsights_skip_tracking":false,"_monsterinsights_sitenote_active":false,"_monsterinsights_sitenote_note":"","_monsterinsights_sitenote_category":0,"footnotes":""},"class_list":["post-3423","page","type-page","status-publish","hentry"],"aioseo_notices":[],"_links":{"self":[{"href":"https:\/\/sevillacapitaldelaprevencion.com\/sevilla\/wp-json\/wp\/v2\/pages\/3423","targetHints":{"allow":["GET"]}}],"collection":[{"href":"https:\/\/sevillacapitaldelaprevencion.com\/sevilla\/wp-json\/wp\/v2\/pages"}],"about":[{"href":"https:\/\/sevillacapitaldelaprevencion.com\/sevilla\/wp-json\/wp\/v2\/types\/page"}],"author":[{"embeddable":true,"href":"https:\/\/sevillacapitaldelaprevencion.com\/sevilla\/wp-json\/wp\/v2\/users\/1"}],"replies":[{"embeddable":true,"href":"https:\/\/sevillacapitaldelaprevencion.com\/sevilla\/wp-json\/wp\/v2\/comments?post=3423"}],"version-history":[{"count":4,"href":"https:\/\/sevillacapitaldelaprevencion.com\/sevilla\/wp-json\/wp\/v2\/pages\/3423\/revisions"}],"predecessor-version":[{"id":3552,"href":"https:\/\/sevillacapitaldelaprevencion.com\/sevilla\/wp-json\/wp\/v2\/pages\/3423\/revisions\/3552"}],"wp:attachment":[{"href":"https:\/\/sevillacapitaldelaprevencion.com\/sevilla\/wp-json\/wp\/v2\/media?parent=3423"}],"curies":[{"name":"wp","href":"https:\/\/api.w.org\/{rel}","templated":true}]}}