{"id":3077,"date":"2025-12-06T12:48:23","date_gmt":"2025-12-06T11:48:23","guid":{"rendered":"https:\/\/sevillacapitaldelaprevencion.com\/sevilla\/?page_id=3077"},"modified":"2025-12-17T10:17:53","modified_gmt":"2025-12-17T09:17:53","slug":"dinamicas","status":"publish","type":"page","link":"https:\/\/sevillacapitaldelaprevencion.com\/sevilla\/dinamicas\/","title":{"rendered":"Din\u00e1micas"},"content":{"rendered":"<div class=\"wpb-content-wrapper\"><p>[vc_row][vc_column css=\u00bb.vc_custom_1764285106109{margin-top: -300px !important;border-top-width: 0px !important;border-bottom-width: 0px !important;}\u00bb][vc_column_text css=\u00bb\u00bb]<\/p>\n<div class=\"wpb_text_column wpb_content_element vc_custom_1764314895300\">\n<div class=\"wpb_wrapper\">\n<h2 style=\"text-align: center;\">Din\u00e1mica provisional<\/h2>\n<p style=\"text-align: justify;\">La Prevenci\u00f3n de Riesgos Laborales vive un momento decisivo. Los cambios tecnol\u00f3gicos, sociales y organizativos est\u00e1n transformando la manera en que trabajamos y, con ello, la forma en que protegemos la salud, la seguridad y el bienestar de las personas. En este contexto, nuestro el lema elegido para este<strong> III Congreso Internacional IP<\/strong>Tech <strong>Andaluc\u00eda<\/strong>, \u201c<strong>Innovar, influir, inspirar: el nuevo lenguaje de la Prevenci\u00f3n<\/strong>\u201d no es solo una declaraci\u00f3n de intenciones, sino un compromiso colectivo con el futuro.<\/p>\n<p style=\"text-align: justify;\"><strong>Innovar<\/strong> en cuanto a atrevernos a repensar la prevenci\u00f3n m\u00e1s all\u00e1 de los enfoques tradicionales. Implica integrar la inteligencia artificial, los datos en tiempo real, los nuevos modelos de trabajo y las herramientas digitales para anticiparnos a los riesgos, personalizar las intervenciones y hacer de la seguridad una experiencia m\u00e1s cercana y efectiva. <strong>Innovar<\/strong> es comprender que la tecnolog\u00eda es \u00fatil solo cuando est\u00e1 al servicio de las personas.<\/p>\n<p style=\"text-align: justify;\"><strong>Influir<\/strong> es reconocer que la prevenci\u00f3n no depende \u00fanicamente de normas y procedimientos, sino de la capacidad de transformar culturas. Nuestra labor consiste en generar impacto: en la direcci\u00f3n, en los equipos y en cada toma de decisiones. <strong>Influir<\/strong> es construir entornos donde la seguridad no se percibe como una obligaci\u00f3n, sino como un valor compartido que gu\u00eda la manera de trabajar.<\/p>\n<p style=\"text-align: justify;\"><strong>Inspirar<\/strong> es despertar la motivaci\u00f3n para comprometerse con un futuro m\u00e1s seguro y saludable. Es dar ejemplo, compartir buenas pr\u00e1cticas, poner en valor el talento preventivo y demostrar que, cuando se coloca a las personas en el centro, la organizaci\u00f3n crece y se fortalece. <strong>Inspirar<\/strong> es recordarnos que detr\u00e1s de cada acci\u00f3n preventiva hay vidas mejoradas y riesgos evitados.<\/p>\n<p style=\"text-align: justify;\">Este congreso re\u00fane conocimiento, experiencias y perspectivas que nos permiten avanzar hacia ese nuevo lenguaje de la prevenci\u00f3n: m\u00e1s humano, m\u00e1s colaborativo, m\u00e1s conectado con la realidad cambiante del trabajo. Un lenguaje que busca no solo <strong>informar<\/strong>, sino <strong>transformar<\/strong>.<\/p>\n<p style=\"text-align: justify;\">La Din\u00e1mica de Bloques para este a\u00f1o se vertebra sobre una serie de ponencias magistrales y cinco mesas tem\u00e1ticas:<\/p>\n<p style=\"text-align: justify;\"><strong>Mesa 1:<\/strong>\u00a0\u201cEstrategias de Comunicaci\u00f3n para la Promoci\u00f3n de la Prevenci\u00f3n de Riesgos Laborales\u201d.<\/p>\n<p style=\"text-align: justify;\"><strong>Mesa 2:<\/strong>\u00a0\u201cInteligencia Artificial y Prevenci\u00f3n de Riesgos Laborales: Retos, Usos y Perspectivas\u201d<\/p>\n<p style=\"text-align: justify;\"><strong>Mesa 3:<\/strong>\u00a0\u201cEl Rol del T\u00e9cnico en PRL y los Retos de la Gesti\u00f3n Preventiva\u201d<\/p>\n<p style=\"text-align: justify;\"><strong>Mesa 4<\/strong>: \u201cEl T\u00e9cnico en PRL y sus Retos en la Empresa\u201d<\/p>\n<p style=\"text-align: justify;\"><strong>Mesa 5<\/strong>: \u201cRiesgos en Sectores Especiales (Renovables, Sanitario y Aeron\u00e1utico)\u201d<\/p>\n<p style=\"text-align: justify;\">A estas mesas se a\u00f1adir\u00e1n varias ponencias magistrales. Los ponentes se ir\u00e1n anunciando, como es marca de la casa, por redes sociales e incorpor\u00e1ndose a esta p\u00e1gina web del en cuanto se hagan p\u00fablico.<\/p>\n<p style=\"text-align: justify;\">Estos actos se completan con la impartici\u00f3n del taller te\u00f3rico-pr\u00e1ctico\u00a0<em>\u00abInteligencia Artificial aplicada a la Prevenci\u00f3n de Riesgos Laborales: del prompt a las herramientas espec\u00edficas\u00bb<\/em>, y es que la Inteligencia Artificial ya no es una promesa futurista, sino una realidad operativa que est\u00e1 transformando la gesti\u00f3n t\u00e9cnica en todas las \u00e1reas de la Sociedad. A lo largo de la jornada de seis horas, los participantes aprender\u00e1n a dominar el arte del\u00a0<strong>\u00abprompting\u00bb<\/strong>, estructurando consultas eficaces para redactar informes t\u00e9cnicos, dise\u00f1ar formaciones y analizar datos cualitativos, minimizando siempre el riesgo de sesgos y \u00abalucinaciones\u00bb tecnol\u00f3gicas. Profundizaremos en la configuraci\u00f3n de\u00a0<strong>asistentes virtuales personalizados<\/strong>\u00a0capaces de agilizar la burocracia preventiva, permitiendo al t\u00e9cnico centrarse en lo verdaderamente importante: las personas.<\/p>\n<p style=\"text-align: justify;\">El programa abordar\u00e1 desde los fundamentos de los modelos de lenguaje (LLM) hasta aplicaciones pr\u00e1cticas de vanguardia, el an\u00e1lisis predictivo de accidentalidad y la automatizaci\u00f3n documental. Todo ello bajo un estricto marco \u00e9tico y normativo, alineado con el nuevo Reglamento de IA de la UE. No pierdas la oportunidad de liderar la transformaci\u00f3n digital de tu organizaci\u00f3n. Trae tu port\u00e1til y prep\u00e1rate para construir tus propios asistentes de prevenci\u00f3n. El futuro de la seguridad laboral se escribe con c\u00f3digo, y en el <strong>IPTech 2026<\/strong>, te ense\u00f1aremos a interpretarlo. Escr\u00edbenos si tienes inter\u00e9s en asistir.<\/p>\n<p style=\"text-align: justify;\">Como parte fundamental de los <strong>Eventos Internacionales IPTech<\/strong>, el espacio <strong>Strategic Networking <\/strong>destinado al binomio profesional\/organizaci\u00f3n, se consolida como un <strong>Punto de Encuentro e Interacci\u00f3n Transversal<\/strong>. Este acto paralelo est\u00e1 dise\u00f1ado espec\u00edficamente para fortalecer las relaciones entre Profesionales, Organizaciones y Agentes econ\u00f3micos del <strong>Ecosistema PRL<\/strong>+, que afiance y vertebre la continuidad de los Encuentros a trav\u00e9s del fomento de la cooperaci\u00f3n, la promoci\u00f3n y el intercambio de ideas, investigaciones, proyectos e iniciativas.<\/p>\n<p style=\"text-align: justify;\">La din\u00e1mica de todos estos espacios que conforman los Encuentros pretende identificar oportunidades de mejora, establecer alianzas y fortalecer el tejido profesional e institucional del Ecosistema PRL+, generando un impacto positivo en la Sociedad tanto a nivel local como global, en pos de la <strong>Finalidad Fundamental<\/strong> de los <strong>Eventos Internacionales IP<\/strong>Tech <strong>Andaluc\u00eda<\/strong>, en su camino hacia una entidad jur\u00eddica autosostenible con su <strong>Membres\u00eda<\/strong> y <strong>Suscriptores,<\/strong> sin \u00e1nimo de lucro. En este sentido, parte de las din\u00e1micas de este <strong>III Congreso Internacional IP<\/strong>Tech <strong>Andaluc\u00eda<\/strong>, rotar\u00e1n entorno a su <strong>Proceso Constituyente<\/strong>.<\/p>\n<\/div>\n<\/div>\n<div class=\"wpb_text_column wpb_content_element\">\n<div class=\"wpb_wrapper\">\n<h2 class=\"wp-block-heading\" style=\"text-align: center;\">Resumen ejecutivo<\/h2>\n<p style=\"text-align: center;\">Espacio reservado para la memoria del III Congreso Internacional IPTech<\/p>\n<\/div>\n<\/div>\n<p>[\/vc_column_text][\/vc_column][\/vc_row][vc_section][\/vc_section]<\/p>\n<\/div>","protected":false},"excerpt":{"rendered":"<p>[vc_row][vc_column css=\u00bb.vc_custom_1764285106109{margin-top: -300px !important;border-top-width: 0px !important;border-bottom-width: 0px !important;}\u00bb][vc_column_text css=\u00bb\u00bb] Din\u00e1mica provisional La Prevenci\u00f3n de Riesgos Laborales vive un momento decisivo. Los cambios tecnol\u00f3gicos, sociales y organizativos est\u00e1n transformando la manera [&hellip;]<\/p>\n","protected":false},"author":1,"featured_media":2255,"parent":0,"menu_order":0,"comment_status":"closed","ping_status":"closed","template":"templates\/home_template.php","meta":{"_monsterinsights_skip_tracking":false,"_monsterinsights_sitenote_active":false,"_monsterinsights_sitenote_note":"","_monsterinsights_sitenote_category":0,"footnotes":""},"class_list":["post-3077","page","type-page","status-publish","has-post-thumbnail","hentry"],"aioseo_notices":[],"_links":{"self":[{"href":"https:\/\/sevillacapitaldelaprevencion.com\/sevilla\/wp-json\/wp\/v2\/pages\/3077","targetHints":{"allow":["GET"]}}],"collection":[{"href":"https:\/\/sevillacapitaldelaprevencion.com\/sevilla\/wp-json\/wp\/v2\/pages"}],"about":[{"href":"https:\/\/sevillacapitaldelaprevencion.com\/sevilla\/wp-json\/wp\/v2\/types\/page"}],"author":[{"embeddable":true,"href":"https:\/\/sevillacapitaldelaprevencion.com\/sevilla\/wp-json\/wp\/v2\/users\/1"}],"replies":[{"embeddable":true,"href":"https:\/\/sevillacapitaldelaprevencion.com\/sevilla\/wp-json\/wp\/v2\/comments?post=3077"}],"version-history":[{"count":5,"href":"https:\/\/sevillacapitaldelaprevencion.com\/sevilla\/wp-json\/wp\/v2\/pages\/3077\/revisions"}],"predecessor-version":[{"id":3275,"href":"https:\/\/sevillacapitaldelaprevencion.com\/sevilla\/wp-json\/wp\/v2\/pages\/3077\/revisions\/3275"}],"wp:featuredmedia":[{"embeddable":true,"href":"https:\/\/sevillacapitaldelaprevencion.com\/sevilla\/wp-json\/wp\/v2\/media\/2255"}],"wp:attachment":[{"href":"https:\/\/sevillacapitaldelaprevencion.com\/sevilla\/wp-json\/wp\/v2\/media?parent=3077"}],"curies":[{"name":"wp","href":"https:\/\/api.w.org\/{rel}","templated":true}]}}