{"id":3013,"date":"2025-11-27T17:50:15","date_gmt":"2025-11-27T16:50:15","guid":{"rendered":"https:\/\/sevillacapitaldelaprevencion.com\/sevilla\/?page_id=3013"},"modified":"2026-01-24T09:51:28","modified_gmt":"2026-01-24T08:51:28","slug":"taller","status":"publish","type":"page","link":"https:\/\/sevillacapitaldelaprevencion.com\/sevilla\/taller\/","title":{"rendered":"Taller"},"content":{"rendered":"<div class=\"wpb-content-wrapper\"><p>[vc_row full_width=\u00bbstretch_row\u00bb parallax=\u00bbcontent-moving\u00bb parallax_image=\u00bb109&#8243; css=\u00bb.vc_custom_1526274065361{margin-top: -200px !important;}\u00bb][vc_column][\/vc_column][\/vc_row][vc_row el_class=\u00bbwide-80 pricing-section division\u00bb][vc_column offset=\u00bbvc_col-lg-8 vc_col-md-8&#8243; css=\u00bb.vc_custom_1526379862861{margin-top: 0px !important;padding-top: 0px !important;}\u00bb]<div class=\" section-title\"><h2 class=\"banner-regular \">INSCRIPCI\u00d3N TALLERES<\/h2><\/div>[\/vc_column][vc_column css=\u00bb.vc_custom_1526382549267{margin-top: 0px !important;padding-top: 0px !important;}\u00bb][vc_row_inner][vc_column_inner width=\u00bb1\/4&#8243;][vc_pricing_table heading=\u00bbTALLERES PRE CONGRESO\u00bb subheading=\u00bbPor motivo de limitaci\u00f3n de aforo las reservas ser\u00e1n atendidas por orden de inscripci\u00f3n\u00bb currency=\u00bb\u20ac\u00bb price=\u00bb200&#8243; period=\u00bbIVA no incluido\u00bb markers_color=\u00bb#5188f1&#8243; btn_title=\u00bbEsperamos tu asistencia\u00bb css=\u00bb.vc_custom_1769243893913{background-color: #ececec !important;}\u00bb]<\/p>\n<ul class=\"wpb-plan-features\">\n<li>Asistencia al Taller\u00a0 \u2013 d\u00eda 4 de febrero<\/li>\n<li>Din\u00e1micas Congreso Bloque 1 y Bloque 2<\/li>\n<\/ul>\n<p>[\/vc_pricing_table][\/vc_column_inner][vc_column_inner width=\u00bb3\/4&#8243;][vc_column_text css=\u00bb\u00bb]<\/p>\n<p style=\"text-align: center;\">Ampliamos el n\u00famero de plazas y de talleres hasta completar aforo:<\/p>\n<p style=\"text-align: center;\">1.- Taller IA: precio 200 \u20ac +IVA (Enlace directo)<\/p>\n<p style=\"text-align: center;\">2.- Taller LEGO: precio 150 \u20ac + IVA (C\u00f3digo LEGO)<\/p>\n<p>[\/vc_column_text][vc_raw_html css=\u00bb\u00bb]JTNDYSUyMHRpdGxlJTNEJTIyVmVudGElMjBkZSUyMGVudHJhZGFzJTIwZW4lMjBsJUMzJUFEbmVhJTIyJTBBJTIwaHJlZiUzRCUyMmh0dHBzJTNBJTJGJTJGd2lkZ2V0LndlZXpldmVudC5jb20lMkZ0aWNrZXQlMkZFMTQyMjUyNiUyRiUzRmNvZGUlM0Q2MzAyOSUyNmxvY2FsZSUzRGVzLUVTJTI2d2lkdGhfYXV0byUzRDElMjZjb2xvcl9wcmltYXJ5JTNEMDAzMkZBJTIyJTBBJTIwY2xhc3MlM0QlMjJ3ZWV6ZXZlbnQtd2lkZ2V0LWludGVncmF0aW9uJTIyJTBBJTIwZGF0YS1zcmMlM0QlMjJodHRwcyUzQSUyRiUyRndpZGdldC53ZWV6ZXZlbnQuY29tJTJGdGlja2V0JTJGRTE0MjI1MjYlMkYlM0Zjb2RlJTNENjMwMjklMjZsb2NhbGUlM0Rlcy1FUyUyNndpZHRoX2F1dG8lM0QxJTI2Y29sb3JfcHJpbWFyeSUzRDAwMzJGQSUyMiUwQSUyMCUyMGRhdGEtaWQlM0QlMjIxNDIyNTI2JTIyJTBBJTIwZGF0YS1yZXNpemUlM0QlMjIxJTIyJTBBJTIwZGF0YS13aWR0aF9hdXRvJTNEJTIyMSUyMiUwQSUyMGRhdGEtbm9zY3JvbGwlM0QlMjIwJTIyJTBBJTIwZGF0YS11c2UtY29udGFpbmVyJTNEJTIyeWVzJTIyJTBBJTIwZGF0YS10eXBlJTNEJTIybmVvJTIyJTBBJTIwdGFyZ2V0JTNEJTIyX2JsYW5rJTIyJTNFQmlsbGV0dGVyaWUlMjBXZWV6ZXZlbnQlM0MlMkZhJTNFJTBBJTNDc2NyaXB0JTIwdHlwZSUzRCUyMnRleHQlMkZqYXZhc2NyaXB0JTIyJTIwc3JjJTNEJTIyaHR0cHMlM0ElMkYlMkZ3aWRnZXQud2VlemV2ZW50LmNvbSUyRndlZXouanMlMjIlM0UlM0MlMkZzY3JpcHQlM0U=[\/vc_raw_html][\/vc_column_inner][\/vc_row_inner][\/vc_column][\/vc_row]<\/p>\n<\/div>","protected":false},"excerpt":{"rendered":"<p>[vc_row full_width=\u00bbstretch_row\u00bb parallax=\u00bbcontent-moving\u00bb parallax_image=\u00bb109&#8243; css=\u00bb.vc_custom_1526274065361{margin-top: -200px !important;}\u00bb][vc_column][\/vc_column][\/vc_row][vc_row el_class=\u00bbwide-80 pricing-section division\u00bb][vc_column offset=\u00bbvc_col-lg-8 vc_col-md-8&#8243; css=\u00bb.vc_custom_1526379862861{margin-top: 0px !important;padding-top: 0px !important;}\u00bb][\/vc_column][vc_column css=\u00bb.vc_custom_1526382549267{margin-top: 0px !important;padding-top: 0px !important;}\u00bb][vc_row_inner][vc_column_inner width=\u00bb1\/4&#8243;][vc_pricing_table heading=\u00bbTALLERES PRE CONGRESO\u00bb subheading=\u00bbPor motivo de limitaci\u00f3n [&hellip;]<\/p>\n","protected":false},"author":1,"featured_media":0,"parent":0,"menu_order":0,"comment_status":"closed","ping_status":"closed","template":"templates\/home_template.php","meta":{"_monsterinsights_skip_tracking":false,"_monsterinsights_sitenote_active":false,"_monsterinsights_sitenote_note":"","_monsterinsights_sitenote_category":0,"footnotes":""},"class_list":["post-3013","page","type-page","status-publish","hentry"],"aioseo_notices":[],"_links":{"self":[{"href":"https:\/\/sevillacapitaldelaprevencion.com\/sevilla\/wp-json\/wp\/v2\/pages\/3013","targetHints":{"allow":["GET"]}}],"collection":[{"href":"https:\/\/sevillacapitaldelaprevencion.com\/sevilla\/wp-json\/wp\/v2\/pages"}],"about":[{"href":"https:\/\/sevillacapitaldelaprevencion.com\/sevilla\/wp-json\/wp\/v2\/types\/page"}],"author":[{"embeddable":true,"href":"https:\/\/sevillacapitaldelaprevencion.com\/sevilla\/wp-json\/wp\/v2\/users\/1"}],"replies":[{"embeddable":true,"href":"https:\/\/sevillacapitaldelaprevencion.com\/sevilla\/wp-json\/wp\/v2\/comments?post=3013"}],"version-history":[{"count":15,"href":"https:\/\/sevillacapitaldelaprevencion.com\/sevilla\/wp-json\/wp\/v2\/pages\/3013\/revisions"}],"predecessor-version":[{"id":3583,"href":"https:\/\/sevillacapitaldelaprevencion.com\/sevilla\/wp-json\/wp\/v2\/pages\/3013\/revisions\/3583"}],"wp:attachment":[{"href":"https:\/\/sevillacapitaldelaprevencion.com\/sevilla\/wp-json\/wp\/v2\/media?parent=3013"}],"curies":[{"name":"wp","href":"https:\/\/api.w.org\/{rel}","templated":true}]}}