{"id":2814,"date":"2025-11-12T16:56:27","date_gmt":"2025-11-12T15:56:27","guid":{"rendered":"https:\/\/sevillacapitaldelaprevencion.com\/sevilla\/?page_id=2814"},"modified":"2026-01-28T23:30:22","modified_gmt":"2026-01-28T22:30:22","slug":"basica","status":"publish","type":"page","link":"https:\/\/sevillacapitaldelaprevencion.com\/sevilla\/basica\/","title":{"rendered":"B\u00e1sica"},"content":{"rendered":"<div class=\"wpb-content-wrapper\"><p>[vc_row full_width=\u00bbstretch_row\u00bb parallax=\u00bbcontent-moving\u00bb parallax_image=\u00bb109&#8243; css=\u00bb.vc_custom_1526274065361{margin-top: -200px !important;}\u00bb][vc_column][\/vc_column][\/vc_row][vc_row el_class=\u00bbwide-80 pricing-section division\u00bb][vc_column offset=\u00bbvc_col-lg-8 vc_col-md-8&#8243; css=\u00bb.vc_custom_1526379862861{margin-top: 0px !important;padding-top: 0px !important;}\u00bb]<div class=\" section-title\"><h2 class=\"banner-regular \">INSCRIPCI\u00d3N B\u00c1SICA<\/h2><\/div>[\/vc_column][vc_column css=\u00bb.vc_custom_1526382549267{margin-top: 0px !important;padding-top: 0px !important;}\u00bb][vc_row_inner][vc_column_inner width=\u00bb1\/4&#8243;][vc_pricing_table heading=\u00bbBASIC\u00bb subheading=\u00bbPor motivo de limitaci\u00f3n de aforo las reservas ser\u00e1n atendidas por orden de inscripci\u00f3n\u00bb currency=\u00bb\u00bb price=\u00bbGratuita\u00bb period=\u00bb\u00bb markers_color=\u00bb#5188f1&#8243; btn_title=\u00bb\u00a1No te lo pierdas!\u00bb css=\u00bb.vc_custom_1768643702720{background-color: #ececec !important;}\u00bb]<\/p>\n<ul class=\"wpb-plan-features\">\n<li class=\" \">Din\u00e1mica Congreso Bloque 1 (05\/02)<\/li>\n<li class=\" \">Din\u00e1mica Congreso Bloque 2 (06\/02)<\/li>\n<li class=\" \">Fecha l\u00edmite inscripci\u00f3n 2 de febrero<\/li>\n<\/ul>\n<p>[\/vc_pricing_table][\/vc_column_inner][vc_column_inner width=\u00bb3\/4&#8243;][vc_raw_html css=\u00bb\u00bb]JTNDYSUyMHRpdGxlJTNEJTIyVmVudGElMjBkZSUyMGVudHJhZGFzJTIwZW4lMjBsJUMzJUFEbmVhJTIyJTBBJTIwaHJlZiUzRCUyMmh0dHBzJTNBJTJGJTJGd2lkZ2V0LndlZXpldmVudC5jb20lMkZ0aWNrZXQlMkZFMTQyMjAxNyUyRiUzRmNvZGUlM0Q2MTEzOCUyNmxvY2FsZSUzRGVzLUVTJTI2d2lkdGhfYXV0byUzRDElMjZjb2xvcl9wcmltYXJ5JTNEMDAzMkZBJTIyJTBBJTIwY2xhc3MlM0QlMjJ3ZWV6ZXZlbnQtd2lkZ2V0LWludGVncmF0aW9uJTIyJTBBJTIwZGF0YS1zcmMlM0QlMjJodHRwcyUzQSUyRiUyRndpZGdldC53ZWV6ZXZlbnQuY29tJTJGdGlja2V0JTJGRTE0MjIwMTclMkYlM0Zjb2RlJTNENjExMzglMjZsb2NhbGUlM0Rlcy1FUyUyNndpZHRoX2F1dG8lM0QxJTI2Y29sb3JfcHJpbWFyeSUzRDAwMzJGQSUyMiUwQSUyMCUyMGRhdGEtaWQlM0QlMjIxNDIyMDE3JTIyJTBBJTIwZGF0YS1yZXNpemUlM0QlMjIxJTIyJTBBJTIwZGF0YS13aWR0aF9hdXRvJTNEJTIyMSUyMiUwQSUyMGRhdGEtbm9zY3JvbGwlM0QlMjIwJTIyJTBBJTIwZGF0YS11c2UtY29udGFpbmVyJTNEJTIyeWVzJTIyJTBBJTIwZGF0YS10eXBlJTNEJTIybmVvJTIyJTBBJTIwdGFyZ2V0JTNEJTIyX2JsYW5rJTIyJTNFQmlsbGV0dGVyaWUlMjBXZWV6ZXZlbnQlM0MlMkZhJTNFJTBBJTNDc2NyaXB0JTIwdHlwZSUzRCUyMnRleHQlMkZqYXZhc2NyaXB0JTIyJTIwc3JjJTNEJTIyaHR0cHMlM0ElMkYlMkZ3aWRnZXQud2VlemV2ZW50LmNvbSUyRndlZXouanMlMjIlM0UlM0MlMkZzY3JpcHQlM0U=[\/vc_raw_html][\/vc_column_inner][\/vc_row_inner][\/vc_column][\/vc_row]<\/p>\n<\/div>","protected":false},"excerpt":{"rendered":"<p>[vc_row full_width=\u00bbstretch_row\u00bb parallax=\u00bbcontent-moving\u00bb parallax_image=\u00bb109&#8243; css=\u00bb.vc_custom_1526274065361{margin-top: -200px !important;}\u00bb][vc_column][\/vc_column][\/vc_row][vc_row el_class=\u00bbwide-80 pricing-section division\u00bb][vc_column offset=\u00bbvc_col-lg-8 vc_col-md-8&#8243; css=\u00bb.vc_custom_1526379862861{margin-top: 0px !important;padding-top: 0px !important;}\u00bb][\/vc_column][vc_column css=\u00bb.vc_custom_1526382549267{margin-top: 0px !important;padding-top: 0px !important;}\u00bb][vc_row_inner][vc_column_inner width=\u00bb1\/4&#8243;][vc_pricing_table heading=\u00bbBASIC\u00bb subheading=\u00bbPor motivo de limitaci\u00f3n de aforo [&hellip;]<\/p>\n","protected":false},"author":1,"featured_media":0,"parent":0,"menu_order":0,"comment_status":"closed","ping_status":"closed","template":"templates\/home_template.php","meta":{"_monsterinsights_skip_tracking":false,"_monsterinsights_sitenote_active":false,"_monsterinsights_sitenote_note":"","_monsterinsights_sitenote_category":0,"footnotes":""},"class_list":["post-2814","page","type-page","status-publish","hentry"],"aioseo_notices":[],"_links":{"self":[{"href":"https:\/\/sevillacapitaldelaprevencion.com\/sevilla\/wp-json\/wp\/v2\/pages\/2814","targetHints":{"allow":["GET"]}}],"collection":[{"href":"https:\/\/sevillacapitaldelaprevencion.com\/sevilla\/wp-json\/wp\/v2\/pages"}],"about":[{"href":"https:\/\/sevillacapitaldelaprevencion.com\/sevilla\/wp-json\/wp\/v2\/types\/page"}],"author":[{"embeddable":true,"href":"https:\/\/sevillacapitaldelaprevencion.com\/sevilla\/wp-json\/wp\/v2\/users\/1"}],"replies":[{"embeddable":true,"href":"https:\/\/sevillacapitaldelaprevencion.com\/sevilla\/wp-json\/wp\/v2\/comments?post=2814"}],"version-history":[{"count":17,"href":"https:\/\/sevillacapitaldelaprevencion.com\/sevilla\/wp-json\/wp\/v2\/pages\/2814\/revisions"}],"predecessor-version":[{"id":3589,"href":"https:\/\/sevillacapitaldelaprevencion.com\/sevilla\/wp-json\/wp\/v2\/pages\/2814\/revisions\/3589"}],"wp:attachment":[{"href":"https:\/\/sevillacapitaldelaprevencion.com\/sevilla\/wp-json\/wp\/v2\/media?parent=2814"}],"curies":[{"name":"wp","href":"https:\/\/api.w.org\/{rel}","templated":true}]}}