{"id":2611,"date":"2025-03-25T19:01:32","date_gmt":"2025-03-25T18:01:32","guid":{"rendered":"https:\/\/sevillacapitaldelaprevencion.com\/sevilla\/?page_id=2611"},"modified":"2025-12-15T14:22:17","modified_gmt":"2025-12-15T13:22:17","slug":"dinamica-2025","status":"publish","type":"page","link":"https:\/\/sevillacapitaldelaprevencion.com\/sevilla\/dinamica-2025\/","title":{"rendered":"Din\u00e1mica 2025"},"content":{"rendered":"<div class=\"wpb-content-wrapper\"><p>[vc_row][vc_column][vc_column_text css=\u00bb\u00bb]<\/p>\n<p style=\"text-align: center;\"><strong>I Congreso Internacional IPTech: Digitalizaci\u00f3n, la llave de las nuevas tecnolog\u00edas en la Prevenci\u00f3n de Riesgos Laborales y atenci\u00f3n a Emergencias (PRLaE \/ ORPer)<\/strong><\/p>\n<p style=\"text-align: center;\">Eventos Internacionales IPTech<\/p>\n<p style=\"text-align: justify;\">Los Eventos Internacionales IPTech se organizan en observancia a los valores y principios declarados p\u00fablicamente por la Entidad IPTechnology y que giran en torno a la neutralidad, equidistancia y objetividad. Este a\u00f1o, el primero de estos encuentros se celebr\u00f3 en Sevilla los d\u00edas 6 y 7 de marzo, como Congreso Internacional que, por su formato plurianual, continuar\u00e1 el pr\u00f3ximo mes de septiembre (3 y 4) en la Ciudad de M\u00e9xico.<\/p>\n<p style=\"text-align: justify;\">El Principal Objetivo de estas jornadas, expuesto en la web oficial <a href=\"http:\/\/www.capitaldelaprevencion.com\">www.capitaldelaprevencion.com<\/a>, es contribuir a la reducci\u00f3n de la Siniestralidad Laboral mediante el fortalecimiento del binomio profesional\/organizaci\u00f3n. Estos eventos est\u00e1n dise\u00f1ados como espacios \u00fanicos para compartir experiencias, identificar soluciones innovadoras y debatir sobre los avances m\u00e1s recientes en el sector de la Prevenci\u00f3n de Riesgos laborales y la atenci\u00f3n a Emergencias, PRLaE.<\/p>\n<p style=\"text-align: justify;\">Este Congreso Internacional no solo aborda una tem\u00e1tica de m\u00e1xima relevancia, sino que tambi\u00e9n representa una oportunidad para las organizaciones de invertir en la formaci\u00f3n de sus profesionales y en el fortalecimiento de su compromiso con la Seguridad Laboral. Aquellas empresas que apoyen la asistencia de su personal estar\u00e1n facilitando no solo su desarrollo profesional, sino tambi\u00e9n reforzando su posici\u00f3n como actores responsables y sus competencias en el mercado global.<\/p>\n<p>&nbsp;[\/vc_column_text][vc_btn title=\u00bbSeguir leyendo\u00bb color=\u00bbwarning\u00bb css=\u00bb\u00bb link=\u00bburl:https%3A%2F%2Fsevillacapitaldelaprevencion.com%2Fsevilla%2Fmemoria%2F|target:_blank\u00bb][vc_gallery interval=\u00bb3&#8243; images=\u00bb2683,2681,2680&#8243; img_size=\u00bb2000&#215;1100&#8243; css=\u00bb\u00bb][\/vc_column][\/vc_row]<\/p>\n<\/div>","protected":false},"excerpt":{"rendered":"<p>[vc_row][vc_column][vc_column_text css=\u00bb\u00bb] I Congreso Internacional IPTech: Digitalizaci\u00f3n, la llave de las nuevas tecnolog\u00edas en la Prevenci\u00f3n de Riesgos Laborales y atenci\u00f3n a Emergencias (PRLaE \/ ORPer) Eventos Internacionales IPTech Los [&hellip;]<\/p>\n","protected":false},"author":1,"featured_media":0,"parent":0,"menu_order":0,"comment_status":"closed","ping_status":"closed","template":"templates\/home_template.php","meta":{"_monsterinsights_skip_tracking":false,"_monsterinsights_sitenote_active":false,"_monsterinsights_sitenote_note":"","_monsterinsights_sitenote_category":0,"footnotes":""},"class_list":["post-2611","page","type-page","status-publish","hentry"],"aioseo_notices":[],"_links":{"self":[{"href":"https:\/\/sevillacapitaldelaprevencion.com\/sevilla\/wp-json\/wp\/v2\/pages\/2611","targetHints":{"allow":["GET"]}}],"collection":[{"href":"https:\/\/sevillacapitaldelaprevencion.com\/sevilla\/wp-json\/wp\/v2\/pages"}],"about":[{"href":"https:\/\/sevillacapitaldelaprevencion.com\/sevilla\/wp-json\/wp\/v2\/types\/page"}],"author":[{"embeddable":true,"href":"https:\/\/sevillacapitaldelaprevencion.com\/sevilla\/wp-json\/wp\/v2\/users\/1"}],"replies":[{"embeddable":true,"href":"https:\/\/sevillacapitaldelaprevencion.com\/sevilla\/wp-json\/wp\/v2\/comments?post=2611"}],"version-history":[{"count":15,"href":"https:\/\/sevillacapitaldelaprevencion.com\/sevilla\/wp-json\/wp\/v2\/pages\/2611\/revisions"}],"predecessor-version":[{"id":2988,"href":"https:\/\/sevillacapitaldelaprevencion.com\/sevilla\/wp-json\/wp\/v2\/pages\/2611\/revisions\/2988"}],"wp:attachment":[{"href":"https:\/\/sevillacapitaldelaprevencion.com\/sevilla\/wp-json\/wp\/v2\/media?parent=2611"}],"curies":[{"name":"wp","href":"https:\/\/api.w.org\/{rel}","templated":true}]}}