{"id":1421,"date":"2025-01-16T16:21:40","date_gmt":"2025-01-16T15:21:40","guid":{"rendered":"https:\/\/sevillacapitaldelaprevencion.com\/sevilla\/?page_id=1421"},"modified":"2025-02-10T18:37:26","modified_gmt":"2025-02-10T17:37:26","slug":"moderators","status":"publish","type":"page","link":"https:\/\/sevillacapitaldelaprevencion.com\/sevilla\/en\/moderators\/","title":{"rendered":"Moderators"},"content":{"rendered":"<div class=\"wpb-content-wrapper\"><p>[vc_row full_width=\u00bbstretch_row\u00bb parallax=\u00bbcontent-moving\u00bb parallax_image=\u00bb109&#8243; css=\u00bb.vc_custom_1526274065361{margin-top: -200px !important;}\u00bb][vc_column][\/vc_column][\/vc_row][vc_row full_width=\u00bbstretch_row\u00bb parallax=\u00bbcontent-moving\u00bb parallax_image=\u00bb270&#8243; el_class=\u00bbwide-100&#8243; el_id=\u00bbspeakers\u00bb][vc_column]<div class=\" section-title\"><h2 class=\"banner-regular white-color\">Moderators<\/h2><\/div>[\/vc_column][vc_column]<div class=\"ova_speaker  speakers-section division style1\"><div class=\"row\"><div class=\"col-md-6 col-lg-4  \">\n\t\t\t\t<div class=\"speaker\">\t\t\t\t\t\t\t\t\t\t\t\t\t\t\t\n\n\t\t\t\t\t\t\t\t\t\t\t\n\t\t\t\t\t<a href=\"https:\/\/sevillacapitaldelaprevencion.com\/sevilla\/speaker\/none-21\/\" title=\"Vicente Mart\u00ednez\"><div class=\"hover-overlay\"> \n\t\t\t\t\t\t\t<img decoding=\"async\" class=\"img-fluid\" src=\"https:\/\/sevillacapitaldelaprevencion.com\/sevilla\/wp-content\/uploads\/2025\/02\/FLC.jpg\" alt=\"Vicente Mart\u00ednez\">\n\t\t\t\t\t\t<\/div><div class=\"speaker-meta m-top-20\"><h5 class=\"h5-lg white-color\">Vicente Mart\u00ednez<\/h5><p class=\" lightgrey-color\">Responsable Territorial de Seguridad y Salud CT Andaluc\u00eda<\/p><span class=\" lightgrey-color\"><\/span><\/div><div class=\"border-box yellow-border\"><\/div><\/a>\n\t\t\t\t\t\t\t\t\t\t\t\t\t\t\t\t\t\t\t\n\t\t\t\t<\/div>\t\t\t\t\t\t\t\t\t\n\t\t\t<\/div><div class=\"col-md-6 col-lg-4  \">\n\t\t\t\t<div class=\"speaker\">\t\t\t\t\t\t\t\t\t\t\t\t\t\t\t\n\n\t\t\t\t\t\t\t\t\t\t\t\n\t\t\t\t\t<a href=\"https:\/\/sevillacapitaldelaprevencion.com\/sevilla\/speaker\/none-20\/\" title=\"Fernando Vidal\"><div class=\"hover-overlay\"> \n\t\t\t\t\t\t\t<img decoding=\"async\" class=\"img-fluid\" src=\"https:\/\/sevillacapitaldelaprevencion.com\/sevilla\/wp-content\/uploads\/2018\/05\/UNIVERSIDAD-SEVILLA.png\" alt=\"Fernando Vidal\">\n\t\t\t\t\t\t<\/div><div class=\"speaker-meta m-top-20\"><h5 class=\"h5-lg white-color\">Fernando Vidal<\/h5><p class=\" lightgrey-color\">Catedr\u00e1tico en Ingenier\u00eda Qu\u00edmica. Director de C\u00e1tedras Econom\u00eda Circular y PRL<\/p><span class=\" lightgrey-color\">Universidad de Sevilla<\/span><\/div><div class=\"border-box yellow-border\"><\/div><\/a>\n\t\t\t\t\t\t\t\t\t\t\t\t\t\t\t\t\t\t\t\n\t\t\t\t<\/div>\t\t\t\t\t\t\t\t\t\n\t\t\t<\/div><div class=\"col-md-6 col-lg-4  \">\n\t\t\t\t<div class=\"speaker\">\t\t\t\t\t\t\t\t\t\t\t\t\t\t\t\n\n\t\t\t\t\t\t\t\t\t\t\t\n\t\t\t\t\t<a href=\"https:\/\/sevillacapitaldelaprevencion.com\/sevilla\/speaker\/none-41\/\" title=\"Jose Luis Barral\"><div class=\"hover-overlay\"> \n\t\t\t\t\t\t\t<img decoding=\"async\" class=\"img-fluid\" src=\"https:\/\/sevillacapitaldelaprevencion.com\/sevilla\/wp-content\/uploads\/2025\/02\/Barral.jpg\" alt=\"Jose Luis Barral\">\n\t\t\t\t\t\t<\/div><div class=\"speaker-meta m-top-20\"><h5 class=\"h5-lg white-color\">Jose Luis Barral<\/h5><p class=\" lightgrey-color\">Socio y Fundador<\/p><span class=\" lightgrey-color\">OHS\u00a0Expert<\/span><\/div><div class=\"border-box yellow-border\"><\/div><\/a>\n\t\t\t\t\t\t\t\t\t\t\t\t\t\t\t\t\t\t\t\n\t\t\t\t<\/div>\t\t\t\t\t\t\t\t\t\n\t\t\t<\/div><div class=\"col-md-6 col-lg-4  \">\n\t\t\t\t<div class=\"speaker\">\t\t\t\t\t\t\t\t\t\t\t\t\t\t\t\n\n\t\t\t\t\t\t\t\t\t\t\t\n\t\t\t\t\t<a href=\"https:\/\/sevillacapitaldelaprevencion.com\/sevilla\/speaker\/none-46\/\" title=\"Manuel Ortigosa\"><div class=\"hover-overlay\"> \n\t\t\t\t\t\t\t<img decoding=\"async\" class=\"img-fluid\" src=\"https:\/\/sevillacapitaldelaprevencion.com\/sevilla\/wp-content\/uploads\/2025\/02\/IT.png\" alt=\"Manuel Ortigosa\">\n\t\t\t\t\t\t<\/div><div class=\"speaker-meta m-top-20\"><h5 class=\"h5-lg white-color\">Manuel Ortigosa<\/h5><p class=\" lightgrey-color\">Decano del Colegio Oficial de Ingenieros de Telecomunicaci\u00f3n<\/p><span class=\" lightgrey-color\">Colegio Oficial de Ingenieros de Telecomunicaci\u00f3n de Andaluc\u00eda Occidental y Ceuta<\/span><\/div><div class=\"border-box yellow-border\"><\/div><\/a>\n\t\t\t\t\t\t\t\t\t\t\t\t\t\t\t\t\t\t\t\n\t\t\t\t<\/div>\t\t\t\t\t\t\t\t\t\n\t\t\t<\/div><div class=\"col-md-6 col-lg-4  \">\n\t\t\t\t<div class=\"speaker\">\t\t\t\t\t\t\t\t\t\t\t\t\t\t\t\n\n\t\t\t\t\t\t\t\t\t\t\t\n\t\t\t\t\t<a href=\"https:\/\/sevillacapitaldelaprevencion.com\/sevilla\/speaker\/none-45\/\" title=\"Anicet Lavodrama\"><div class=\"hover-overlay\"> \n\t\t\t\t\t\t\t<img decoding=\"async\" class=\"img-fluid\" src=\"https:\/\/sevillacapitaldelaprevencion.com\/sevilla\/wp-content\/uploads\/2025\/02\/foto-bienvenida1-4.jpg\" alt=\"Anicet Lavodrama\">\n\t\t\t\t\t\t<\/div><div class=\"speaker-meta m-top-20\"><h5 class=\"h5-lg white-color\">Anicet Lavodrama<\/h5><p class=\" lightgrey-color\">Coordinador internacional Eventos Internacionales<\/p><span class=\" lightgrey-color\">Eventos Internacionales IPTech<\/span><\/div><div class=\"border-box yellow-border\"><\/div><\/a>\n\t\t\t\t\t\t\t\t\t\t\t\t\t\t\t\t\t\t\t\n\t\t\t\t<\/div>\t\t\t\t\t\t\t\t\t\n\t\t\t<\/div><div class=\"col-md-6 col-lg-4  \">\n\t\t\t\t<div class=\"speaker\">\t\t\t\t\t\t\t\t\t\t\t\t\t\t\t\n\n\t\t\t\t\t\t\t\t\t\t\t\n\t\t\t\t\t<a href=\"https:\/\/sevillacapitaldelaprevencion.com\/sevilla\/speaker\/none-44\/\" title=\"Javier Larra\u00f1eta\"><div class=\"hover-overlay\"> \n\t\t\t\t\t\t\t<img decoding=\"async\" class=\"img-fluid\" src=\"https:\/\/sevillacapitaldelaprevencion.com\/sevilla\/wp-content\/uploads\/2018\/05\/PESI-1.jpg\" alt=\"Javier Larra\u00f1eta\">\n\t\t\t\t\t\t<\/div><div class=\"speaker-meta m-top-20\"><h5 class=\"h5-lg white-color\">Javier Larra\u00f1eta<\/h5><p class=\" lightgrey-color\">Secretario General<\/p><span class=\" lightgrey-color\">Pesi<\/span><\/div><div class=\"border-box yellow-border\"><\/div><\/a>\n\t\t\t\t\t\t\t\t\t\t\t\t\t\t\t\t\t\t\t\n\t\t\t\t<\/div>\t\t\t\t\t\t\t\t\t\n\t\t\t<\/div><\/div><\/div>[\/vc_column][\/vc_row]<\/p>\n<\/div>","protected":false},"excerpt":{"rendered":"<p>[vc_row full_width=\u00bbstretch_row\u00bb parallax=\u00bbcontent-moving\u00bb parallax_image=\u00bb109&#8243; css=\u00bb.vc_custom_1526274065361{margin-top: -200px !important;}\u00bb][vc_column][\/vc_column][\/vc_row][vc_row full_width=\u00bbstretch_row\u00bb parallax=\u00bbcontent-moving\u00bb parallax_image=\u00bb270&#8243; el_class=\u00bbwide-100&#8243; el_id=\u00bbspeakers\u00bb][vc_column][\/vc_column][vc_column][\/vc_column][\/vc_row]<\/p>\n","protected":false},"author":1,"featured_media":0,"parent":0,"menu_order":0,"comment_status":"closed","ping_status":"closed","template":"templates\/home_template.php","meta":{"_monsterinsights_skip_tracking":false,"_monsterinsights_sitenote_active":false,"_monsterinsights_sitenote_note":"","_monsterinsights_sitenote_category":0,"footnotes":""},"class_list":["post-1421","page","type-page","status-publish","hentry"],"aioseo_notices":[],"_links":{"self":[{"href":"https:\/\/sevillacapitaldelaprevencion.com\/sevilla\/wp-json\/wp\/v2\/pages\/1421","targetHints":{"allow":["GET"]}}],"collection":[{"href":"https:\/\/sevillacapitaldelaprevencion.com\/sevilla\/wp-json\/wp\/v2\/pages"}],"about":[{"href":"https:\/\/sevillacapitaldelaprevencion.com\/sevilla\/wp-json\/wp\/v2\/types\/page"}],"author":[{"embeddable":true,"href":"https:\/\/sevillacapitaldelaprevencion.com\/sevilla\/wp-json\/wp\/v2\/users\/1"}],"replies":[{"embeddable":true,"href":"https:\/\/sevillacapitaldelaprevencion.com\/sevilla\/wp-json\/wp\/v2\/comments?post=1421"}],"version-history":[{"count":4,"href":"https:\/\/sevillacapitaldelaprevencion.com\/sevilla\/wp-json\/wp\/v2\/pages\/1421\/revisions"}],"predecessor-version":[{"id":1833,"href":"https:\/\/sevillacapitaldelaprevencion.com\/sevilla\/wp-json\/wp\/v2\/pages\/1421\/revisions\/1833"}],"wp:attachment":[{"href":"https:\/\/sevillacapitaldelaprevencion.com\/sevilla\/wp-json\/wp\/v2\/media?parent=1421"}],"curies":[{"name":"wp","href":"https:\/\/api.w.org\/{rel}","templated":true}]}}