{"id":1334,"date":"2025-01-16T08:18:40","date_gmt":"2025-01-16T07:18:40","guid":{"rendered":"https:\/\/sevillacapitaldelaprevencion.com\/sevilla\/?page_id=1334"},"modified":"2025-02-24T07:31:35","modified_gmt":"2025-02-24T06:31:35","slug":"scientific-committee","status":"publish","type":"page","link":"https:\/\/sevillacapitaldelaprevencion.com\/sevilla\/en\/scientific-committee\/","title":{"rendered":"Scientific committee"},"content":{"rendered":"<div class=\"wpb-content-wrapper\"><p>[vc_row full_width=\u00bbstretch_row\u00bb parallax=\u00bbcontent-moving\u00bb parallax_image=\u00bb109&#8243; css=\u00bb.vc_custom_1526274065361{margin-top: -200px !important;}\u00bb][vc_column][\/vc_column][\/vc_row][vc_row full_width=\u00bbstretch_row\u00bb parallax=\u00bbcontent-moving\u00bb parallax_image=\u00bb270&#8243; el_class=\u00bbwide-100&#8243; el_id=\u00bbspeakers\u00bb][vc_column]<div class=\" section-title\"><h2 class=\"banner-regular white-color\">Scientific committee<\/h2><\/div>[\/vc_column][vc_column]<div class=\"ova_speaker  speakers-section division style1\"><div class=\"row\"><div class=\"col-md-6 col-lg-4  \">\n\t\t\t\t<div class=\"speaker\">\t\t\t\t\t\t\t\t\t\t\t\t\t\t\t\n\n\t\t\t\t\t\t\t\t\t\t\t\n\t\t\t\t\t<a href=\"https:\/\/sevillacapitaldelaprevencion.com\/sevilla\/speaker\/none-31\/\" title=\"Coro Stegensek\"><div class=\"hover-overlay\"> \n\t\t\t\t\t\t\t<img decoding=\"async\" class=\"img-fluid\" src=\"https:\/\/sevillacapitaldelaprevencion.com\/sevilla\/wp-content\/uploads\/2025\/02\/Coro-Stegensek.jpg\" alt=\"Coro Stegensek\">\n\t\t\t\t\t\t<\/div><div class=\"speaker-meta m-top-20\"><h5 class=\"h5-lg white-color\">Coro Stegensek<\/h5><p class=\" lightgrey-color\">T\u00e9cnico superior PRL<\/p><span class=\" lightgrey-color\">Departamento de Seguridad Laboral<\/span><\/div><div class=\"border-box yellow-border\"><\/div><\/a>\n\t\t\t\t\t\t\t\t\t\t\t\t\t\t\t\t\t\t\t\n\t\t\t\t<\/div>\t\t\t\t\t\t\t\t\t\n\t\t\t<\/div><div class=\"col-md-6 col-lg-4  \">\n\t\t\t\t<div class=\"speaker\">\t\t\t\t\t\t\t\t\t\t\t\t\t\t\t\n\n\t\t\t\t\t\t\t\t\t\t\t\n\t\t\t\t\t<a href=\"https:\/\/sevillacapitaldelaprevencion.com\/sevilla\/speaker\/none-15\/\" title=\"David Lantar\u00f3n\"><div class=\"hover-overlay\"> \n\t\t\t\t\t\t\t<img decoding=\"async\" class=\"img-fluid\" src=\"https:\/\/sevillacapitaldelaprevencion.com\/sevilla\/wp-content\/uploads\/2025\/01\/DAVID-LANTARON-A.jpg\" alt=\"David Lantar\u00f3n\">\n\t\t\t\t\t\t<\/div><div class=\"speaker-meta m-top-20\"><h5 class=\"h5-lg white-color\">David Lantar\u00f3n<\/h5><p class=\" lightgrey-color\">Director de la C\u00e1tedra de Prevenci\u00f3n<\/p><span class=\" lightgrey-color\">Universidad de Cantabria<\/span><\/div><div class=\"border-box yellow-border\"><\/div><\/a>\n\t\t\t\t\t\t\t\t\t\t\t\t\t\t\t\t\t\t\t\n\t\t\t\t<\/div>\t\t\t\t\t\t\t\t\t\n\t\t\t<\/div><div class=\"col-md-6 col-lg-4  \">\n\t\t\t\t<div class=\"speaker\">\t\t\t\t\t\t\t\t\t\t\t\t\t\t\t\n\n\t\t\t\t\t\t\t\t\t\t\t\n\t\t\t\t\t<a href=\"https:\/\/sevillacapitaldelaprevencion.com\/sevilla\/speaker\/none-9\/\" title=\"Ana Serrano\"><div class=\"hover-overlay\"> \n\t\t\t\t\t\t\t<img decoding=\"async\" class=\"img-fluid\" src=\"https:\/\/sevillacapitaldelaprevencion.com\/sevilla\/wp-content\/uploads\/2025\/01\/ANA-SERRANO-A.jpg\" alt=\"Ana Serrano\">\n\t\t\t\t\t\t<\/div><div class=\"speaker-meta m-top-20\"><h5 class=\"h5-lg white-color\">Ana Serrano<\/h5><p class=\" lightgrey-color\">Especialista en Seguridad, Salud y Bienestar Laboral<\/p><span class=\" lightgrey-color\"><\/span><\/div><div class=\"border-box yellow-border\"><\/div><\/a>\n\t\t\t\t\t\t\t\t\t\t\t\t\t\t\t\t\t\t\t\n\t\t\t\t<\/div>\t\t\t\t\t\t\t\t\t\n\t\t\t<\/div><div class=\"col-md-6 col-lg-4  \">\n\t\t\t\t<div class=\"speaker\">\t\t\t\t\t\t\t\t\t\t\t\t\t\t\t\n\n\t\t\t\t\t\t\t\t\t\t\t\n\t\t\t\t\t<a href=\"https:\/\/sevillacapitaldelaprevencion.com\/sevilla\/speaker\/none-13\/\" title=\"Beatriz Rodr\u00edguez\"><div class=\"hover-overlay\"> \n\t\t\t\t\t\t\t<img decoding=\"async\" class=\"img-fluid\" src=\"https:\/\/sevillacapitaldelaprevencion.com\/sevilla\/wp-content\/uploads\/2025\/01\/BEATRIZ-SANZ-A.jpg\" alt=\"Beatriz Rodr\u00edguez\">\n\t\t\t\t\t\t<\/div><div class=\"speaker-meta m-top-20\"><h5 class=\"h5-lg white-color\">Beatriz Rodr\u00edguez<\/h5><p class=\" lightgrey-color\">Profesora Titular de Derecho del Trabajo y de la Seguridad Social<\/p><span class=\" lightgrey-color\">Universidad P\u00fablica de Navarra<\/span><\/div><div class=\"border-box yellow-border\"><\/div><\/a>\n\t\t\t\t\t\t\t\t\t\t\t\t\t\t\t\t\t\t\t\n\t\t\t\t<\/div>\t\t\t\t\t\t\t\t\t\n\t\t\t<\/div><div class=\"col-md-6 col-lg-4  \">\n\t\t\t\t<div class=\"speaker\">\t\t\t\t\t\t\t\t\t\t\t\t\t\t\t\n\n\t\t\t\t\t\t\t\t\t\t\t\n\t\t\t\t\t<a href=\"https:\/\/sevillacapitaldelaprevencion.com\/sevilla\/speaker\/none-2\/\" title=\"Enrique C\u00e9sar P\u00e9rez-Lu\u00f1o\"><div class=\"hover-overlay\"> \n\t\t\t\t\t\t\t<img decoding=\"async\" class=\"img-fluid\" src=\"https:\/\/sevillacapitaldelaprevencion.com\/sevilla\/wp-content\/uploads\/2025\/01\/ENRIQUE-PEREZ-A.jpg\" alt=\"Enrique C\u00e9sar P\u00e9rez-Lu\u00f1o\">\n\t\t\t\t\t\t<\/div><div class=\"speaker-meta m-top-20\"><h5 class=\"h5-lg white-color\">Enrique C\u00e9sar P\u00e9rez-Lu\u00f1o<\/h5><p class=\" lightgrey-color\">Director Acad\u00e9mico del I Congreso Internacional IPTech<\/p><span class=\" lightgrey-color\">Universidad de Sevilla<\/span><\/div><div class=\"border-box yellow-border\"><\/div><\/a>\n\t\t\t\t\t\t\t\t\t\t\t\t\t\t\t\t\t\t\t\n\t\t\t\t<\/div>\t\t\t\t\t\t\t\t\t\n\t\t\t<\/div><div class=\"col-md-6 col-lg-4  \">\n\t\t\t\t<div class=\"speaker\">\t\t\t\t\t\t\t\t\t\t\t\t\t\t\t\n\n\t\t\t\t\t\t\t\t\t\t\t\n\t\t\t\t\t<a href=\"https:\/\/sevillacapitaldelaprevencion.com\/sevilla\/speaker\/none-27\/\" title=\"Eduardo Juli\u00e1n L\u00f3pez\"><div class=\"hover-overlay\"> \n\t\t\t\t\t\t\t<img decoding=\"async\" class=\"img-fluid\" src=\"https:\/\/sevillacapitaldelaprevencion.com\/sevilla\/wp-content\/uploads\/2025\/02\/EDUARDO-J-LOPEZ-A.jpg\" alt=\"Eduardo Juli\u00e1n L\u00f3pez\">\n\t\t\t\t\t\t<\/div><div class=\"speaker-meta m-top-20\"><h5 class=\"h5-lg white-color\">Eduardo Juli\u00e1n L\u00f3pez<\/h5><p class=\" lightgrey-color\">Profesor en la UNAM<\/p><span class=\" lightgrey-color\">Universidad Nacional Aut\u00f3noma de\u00a0M\u00e9xico<\/span><\/div><div class=\"border-box yellow-border\"><\/div><\/a>\n\t\t\t\t\t\t\t\t\t\t\t\t\t\t\t\t\t\t\t\n\t\t\t\t<\/div>\t\t\t\t\t\t\t\t\t\n\t\t\t<\/div><div class=\"col-md-6 col-lg-4  \">\n\t\t\t\t<div class=\"speaker\">\t\t\t\t\t\t\t\t\t\t\t\t\t\t\t\n\n\t\t\t\t\t\t\t\t\t\t\t\n\t\t\t\t\t<a href=\"https:\/\/sevillacapitaldelaprevencion.com\/sevilla\/speaker\/none-28\/\" title=\"Enrique Pintor\"><div class=\"hover-overlay\"> \n\t\t\t\t\t\t\t<img decoding=\"async\" class=\"img-fluid\" src=\"https:\/\/sevillacapitaldelaprevencion.com\/sevilla\/wp-content\/uploads\/2025\/02\/ENRIQUE-PINTOR-A.jpg\" alt=\"Enrique Pintor\">\n\t\t\t\t\t\t<\/div><div class=\"speaker-meta m-top-20\"><h5 class=\"h5-lg white-color\">Enrique Pintor<\/h5><p class=\" lightgrey-color\">Coordinador de la Maestr\u00eda en Seguridad e Higiene Ocupacional<\/p><span class=\" lightgrey-color\">Secretar\u00eda del Trabajo del Gobierno del Estado\u00a0de\u00a0M\u00e9xico<\/span><\/div><div class=\"border-box yellow-border\"><\/div><\/a>\n\t\t\t\t\t\t\t\t\t\t\t\t\t\t\t\t\t\t\t\n\t\t\t\t<\/div>\t\t\t\t\t\t\t\t\t\n\t\t\t<\/div><div class=\"col-md-6 col-lg-4  \">\n\t\t\t\t<div class=\"speaker\">\t\t\t\t\t\t\t\t\t\t\t\t\t\t\t\n\n\t\t\t\t\t\t\t\t\t\t\t\n\t\t\t\t\t<a href=\"https:\/\/sevillacapitaldelaprevencion.com\/sevilla\/speaker\/none-29\/\" title=\"\u00c1lvaro Plaza\"><div class=\"hover-overlay\"> \n\t\t\t\t\t\t\t<img decoding=\"async\" class=\"img-fluid\" src=\"https:\/\/sevillacapitaldelaprevencion.com\/sevilla\/wp-content\/uploads\/2025\/02\/ALVARO-PLAZA-A.jpg\" alt=\"\u00c1lvaro Plaza\">\n\t\t\t\t\t\t<\/div><div class=\"speaker-meta m-top-20\"><h5 class=\"h5-lg white-color\">\u00c1lvaro Plaza<\/h5><p class=\" lightgrey-color\">Inspector de Trabajo y jefe de equipo<\/p><span class=\" lightgrey-color\">Ministerio de Trabajo y Econom\u00eda Social<\/span><\/div><div class=\"border-box yellow-border\"><\/div><\/a>\n\t\t\t\t\t\t\t\t\t\t\t\t\t\t\t\t\t\t\t\n\t\t\t\t<\/div>\t\t\t\t\t\t\t\t\t\n\t\t\t<\/div><div class=\"col-md-6 col-lg-4  \">\n\t\t\t\t<div class=\"speaker\">\t\t\t\t\t\t\t\t\t\t\t\t\t\t\t\n\n\t\t\t\t\t\t\t\t\t\t\t\n\t\t\t\t\t<a href=\"https:\/\/sevillacapitaldelaprevencion.com\/sevilla\/speaker\/none-30\/\" title=\"Juan Domingo Palermo\"><div class=\"hover-overlay\"> \n\t\t\t\t\t\t\t<img decoding=\"async\" class=\"img-fluid\" src=\"https:\/\/sevillacapitaldelaprevencion.com\/sevilla\/wp-content\/uploads\/2025\/02\/JUAN-D-PALERMO-A.jpg\" alt=\"Juan Domingo Palermo\">\n\t\t\t\t\t\t<\/div><div class=\"speaker-meta m-top-20\"><h5 class=\"h5-lg white-color\">Juan Domingo Palermo<\/h5><p class=\" lightgrey-color\">Director General de el Observatorio del Trabajo & Miembro del CD del IAS<\/p><span class=\" lightgrey-color\">Instituto Argentino\u00a0de\u00a0Seguridad<\/span><\/div><div class=\"border-box yellow-border\"><\/div><\/a>\n\t\t\t\t\t\t\t\t\t\t\t\t\t\t\t\t\t\t\t\n\t\t\t\t<\/div>\t\t\t\t\t\t\t\t\t\n\t\t\t<\/div><div class=\"col-md-6 col-lg-4  \">\n\t\t\t\t<div class=\"speaker\">\t\t\t\t\t\t\t\t\t\t\t\t\t\t\t\n\n\t\t\t\t\t\t\t\t\t\t\t\n\t\t\t\t\t<a href=\"https:\/\/sevillacapitaldelaprevencion.com\/sevilla\/speaker\/natalia-fernandez\/\" title=\"Natalia Fern\u00e1ndez\"><div class=\"hover-overlay\"> \n\t\t\t\t\t\t\t<img decoding=\"async\" class=\"img-fluid\" src=\"https:\/\/sevillacapitaldelaprevencion.com\/sevilla\/wp-content\/uploads\/2025\/02\/NATALIA-FDERNANDEZ-A.jpg\" alt=\"Natalia Fern\u00e1ndez\">\n\t\t\t\t\t\t<\/div><div class=\"speaker-meta m-top-20\"><h5 class=\"h5-lg white-color\">Natalia Fern\u00e1ndez<\/h5><p class=\" lightgrey-color\">Subdirectora General de Prevenci\u00f3n, Calidad y Comunicaci\u00f3n<\/p><span class=\" lightgrey-color\">Fraternidad Muprespa<\/span><\/div><div class=\"border-box yellow-border\"><\/div><\/a>\n\t\t\t\t\t\t\t\t\t\t\t\t\t\t\t\t\t\t\t\n\t\t\t\t<\/div>\t\t\t\t\t\t\t\t\t\n\t\t\t<\/div><div class=\"col-md-6 col-lg-4  \">\n\t\t\t\t<div class=\"speaker\">\t\t\t\t\t\t\t\t\t\t\t\t\t\t\t\n\n\t\t\t\t\t\t\t\t\t\t\t\n\t\t\t\t\t<a href=\"https:\/\/sevillacapitaldelaprevencion.com\/sevilla\/speaker\/ana-cristina-armas\/\" title=\"Ana Cristina Armas\"><div class=\"hover-overlay\"> \n\t\t\t\t\t\t\t<img decoding=\"async\" class=\"img-fluid\" src=\"https:\/\/sevillacapitaldelaprevencion.com\/sevilla\/wp-content\/uploads\/2025\/02\/CRISTINA-ARMAS-A.jpg\" alt=\"Ana Cristina Armas\">\n\t\t\t\t\t\t<\/div><div class=\"speaker-meta m-top-20\"><h5 class=\"h5-lg white-color\">Ana Cristina Armas<\/h5><p class=\" lightgrey-color\">Responsable de Seguridad, Medioambiente y PRL<\/p><span class=\" lightgrey-color\">Terminales\u00a0Canarios\u00a0S.L.<\/span><\/div><div class=\"border-box yellow-border\"><\/div><\/a>\n\t\t\t\t\t\t\t\t\t\t\t\t\t\t\t\t\t\t\t\n\t\t\t\t<\/div>\t\t\t\t\t\t\t\t\t\n\t\t\t<\/div><div class=\"col-md-6 col-lg-4  \">\n\t\t\t\t<div class=\"speaker\">\t\t\t\t\t\t\t\t\t\t\t\t\t\t\t\n\n\t\t\t\t\t\t\t\t\t\t\t\n\t\t\t\t\t<a href=\"https:\/\/sevillacapitaldelaprevencion.com\/sevilla\/speaker\/dolores-rico\/\" title=\"Dolores Rico\"><div class=\"hover-overlay\"> \n\t\t\t\t\t\t\t<img decoding=\"async\" class=\"img-fluid\" src=\"https:\/\/sevillacapitaldelaprevencion.com\/sevilla\/wp-content\/uploads\/2025\/02\/DOLORES-RICO-A.jpg\" alt=\"Dolores Rico\">\n\t\t\t\t\t\t<\/div><div class=\"speaker-meta m-top-20\"><h5 class=\"h5-lg white-color\">Dolores Rico<\/h5><p class=\" lightgrey-color\">Comunicaci\u00f3n y Divulgaci\u00f3n de la Seguridad, Salud y Bienestar Laboral<\/p><span class=\" lightgrey-color\">HSE Influencer<\/span><\/div><div class=\"border-box yellow-border\"><\/div><\/a>\n\t\t\t\t\t\t\t\t\t\t\t\t\t\t\t\t\t\t\t\n\t\t\t\t<\/div>\t\t\t\t\t\t\t\t\t\n\t\t\t<\/div><div class=\"col-md-6 col-lg-4  \">\n\t\t\t\t<div class=\"speaker\">\t\t\t\t\t\t\t\t\t\t\t\t\t\t\t\n\n\t\t\t\t\t\t\t\t\t\t\t\n\t\t\t\t\t<a href=\"https:\/\/sevillacapitaldelaprevencion.com\/sevilla\/speaker\/none-14\/\" title=\"Jos\u00e9 Luis Barral\"><div class=\"hover-overlay\"> \n\t\t\t\t\t\t\t<img decoding=\"async\" class=\"img-fluid\" src=\"https:\/\/sevillacapitaldelaprevencion.com\/sevilla\/wp-content\/uploads\/2025\/01\/BarralA-e1768391959122.jpg\" alt=\"Jos\u00e9 Luis Barral\">\n\t\t\t\t\t\t<\/div><div class=\"speaker-meta m-top-20\"><h5 class=\"h5-lg white-color\">Jos\u00e9 Luis Barral<\/h5><p class=\" lightgrey-color\">Vicepresidente del CGPSST y del\u00a0CGRICT<\/p><span class=\" lightgrey-color\">CGPSST<\/span><\/div><div class=\"border-box yellow-border\"><\/div><\/a>\n\t\t\t\t\t\t\t\t\t\t\t\t\t\t\t\t\t\t\t\n\t\t\t\t<\/div>\t\t\t\t\t\t\t\t\t\n\t\t\t<\/div><div class=\"col-md-6 col-lg-4  \">\n\t\t\t\t<div class=\"speaker\">\t\t\t\t\t\t\t\t\t\t\t\t\t\t\t\n\n\t\t\t\t\t\t\t\t\t\t\t\n\t\t\t\t\t<a href=\"https:\/\/sevillacapitaldelaprevencion.com\/sevilla\/speaker\/none-40\/\" title=\"Dr. Iva\u0301n Andre\u0301s Arana\"><div class=\"hover-overlay\"> \n\t\t\t\t\t\t\t<img decoding=\"async\" class=\"img-fluid\" src=\"https:\/\/sevillacapitaldelaprevencion.com\/sevilla\/wp-content\/uploads\/2025\/02\/IVAN-ARANA-3-e1768391339646.jpg\" alt=\"Dr. Iva\u0301n Andre\u0301s Arana\">\n\t\t\t\t\t\t<\/div><div class=\"speaker-meta m-top-20\"><h5 class=\"h5-lg white-color\">Dr. Iva\u0301n Andre\u0301s Arana<\/h5><p class=\" lightgrey-color\">Direccio\u0301n Departamento Regional Ingenieri\u0301a Industrial<\/p><span class=\" lightgrey-color\">Tecnol\u00f3gico de Monterrey<\/span><\/div><div class=\"border-box yellow-border\"><\/div><\/a>\n\t\t\t\t\t\t\t\t\t\t\t\t\t\t\t\t\t\t\t\n\t\t\t\t<\/div>\t\t\t\t\t\t\t\t\t\n\t\t\t<\/div><div class=\"col-md-6 col-lg-4  \">\n\t\t\t\t<div class=\"speaker\">\t\t\t\t\t\t\t\t\t\t\t\t\t\t\t\n\n\t\t\t\t\t\t\t\t\t\t\t\n\t\t\t\t\t<a href=\"https:\/\/sevillacapitaldelaprevencion.com\/sevilla\/speaker\/none-23\/\" title=\"Yadira Gutie\u0301rrez\"><div class=\"hover-overlay\"> \n\t\t\t\t\t\t\t<img decoding=\"async\" class=\"img-fluid\" src=\"https:\/\/sevillacapitaldelaprevencion.com\/sevilla\/wp-content\/uploads\/2025\/02\/Yadira-e1768391252600.jpg\" alt=\"Yadira Gutie\u0301rrez\">\n\t\t\t\t\t\t<\/div><div class=\"speaker-meta m-top-20\"><h5 class=\"h5-lg white-color\">Yadira Gutie\u0301rrez<\/h5><p class=\" lightgrey-color\">Departamento de Ingenieri\u0301a Industrial y de Sistemas<\/p><span class=\" lightgrey-color\">Tecnol\u00f3gico de Monterrey<\/span><\/div><div class=\"border-box yellow-border\"><\/div><\/a>\n\t\t\t\t\t\t\t\t\t\t\t\t\t\t\t\t\t\t\t\n\t\t\t\t<\/div>\t\t\t\t\t\t\t\t\t\n\t\t\t<\/div><\/div><\/div>[\/vc_column][\/vc_row]<\/p>\n<\/div>","protected":false},"excerpt":{"rendered":"<p>[vc_row full_width=\u00bbstretch_row\u00bb parallax=\u00bbcontent-moving\u00bb parallax_image=\u00bb109&#8243; css=\u00bb.vc_custom_1526274065361{margin-top: -200px !important;}\u00bb][vc_column][\/vc_column][\/vc_row][vc_row full_width=\u00bbstretch_row\u00bb parallax=\u00bbcontent-moving\u00bb parallax_image=\u00bb270&#8243; el_class=\u00bbwide-100&#8243; el_id=\u00bbspeakers\u00bb][vc_column][\/vc_column][vc_column][\/vc_column][\/vc_row]<\/p>\n","protected":false},"author":1,"featured_media":0,"parent":0,"menu_order":0,"comment_status":"closed","ping_status":"closed","template":"templates\/home_template.php","meta":{"_monsterinsights_skip_tracking":false,"_monsterinsights_sitenote_active":false,"_monsterinsights_sitenote_note":"","_monsterinsights_sitenote_category":0,"footnotes":""},"class_list":["post-1334","page","type-page","status-publish","hentry"],"aioseo_notices":[],"_links":{"self":[{"href":"https:\/\/sevillacapitaldelaprevencion.com\/sevilla\/wp-json\/wp\/v2\/pages\/1334","targetHints":{"allow":["GET"]}}],"collection":[{"href":"https:\/\/sevillacapitaldelaprevencion.com\/sevilla\/wp-json\/wp\/v2\/pages"}],"about":[{"href":"https:\/\/sevillacapitaldelaprevencion.com\/sevilla\/wp-json\/wp\/v2\/types\/page"}],"author":[{"embeddable":true,"href":"https:\/\/sevillacapitaldelaprevencion.com\/sevilla\/wp-json\/wp\/v2\/users\/1"}],"replies":[{"embeddable":true,"href":"https:\/\/sevillacapitaldelaprevencion.com\/sevilla\/wp-json\/wp\/v2\/comments?post=1334"}],"version-history":[{"count":5,"href":"https:\/\/sevillacapitaldelaprevencion.com\/sevilla\/wp-json\/wp\/v2\/pages\/1334\/revisions"}],"predecessor-version":[{"id":2406,"href":"https:\/\/sevillacapitaldelaprevencion.com\/sevilla\/wp-json\/wp\/v2\/pages\/1334\/revisions\/2406"}],"wp:attachment":[{"href":"https:\/\/sevillacapitaldelaprevencion.com\/sevilla\/wp-json\/wp\/v2\/media?parent=1334"}],"curies":[{"name":"wp","href":"https:\/\/api.w.org\/{rel}","templated":true}]}}